{"id":60,"date":"2015-05-08T14:53:12","date_gmt":"2015-05-08T12:53:12","guid":{"rendered":"http:\/\/natare.eu\/?page_id=60"},"modified":"2025-03-16T16:37:11","modified_gmt":"2025-03-16T15:37:11","slug":"strona-glowna","status":"publish","type":"page","link":"https:\/\/natare.eu\/index.php\/strona-glowna\/","title":{"rendered":"o mnie"},"content":{"rendered":"\n<p>\u201eWiersze doros\u0142e. Wiersze dla doros\u0142ych. Obcesowe i bezceremonialne. Zmys\u0142owe i cielesne. Tak celne, \u017ce zupe\u0142nie nie ra\u017c\u0105 w nich nawet feminizuj\u0105ce zajawki. Po lekturze takich w\u0142a\u015bnie debiut\u00f3w ma si\u0119 poczucie, \u017ce prawo do tworzenia poezji konfesyjnej nale\u017ca\u0142oby w pierwszym rz\u0119dzie przyzna\u0107 poetkom oraz poetom odpowiednio dojrza\u0142ym. Chodzi mi tu oczywi\u015bcie o dojrza\u0142o\u015b\u0107 \u017cyciow\u0105, mierzon\u0105 do\u015bwiadczeniami oraz akceptacj\u0105 lub sprzeciwem wobec okoliczno\u015bci w kt\u00f3rych znalaz\u0142o si\u0119 liryczne \u201eja\u201d.\u201d &#8211; Piotr Wiktor Lorkowski, recenzja &#8220;czasem wieszam si\u0119 z praniem&#8221; w &#8220;Topos&#8221; nr 4 (167) <\/p>\n\n\n\n<p>&#8220;Przekr\u00f3j dw\u00f3ch planet&#8221; to poezja dnia codziennego i mog\u0142aby sta\u0107 si\u0119 obowi\u0105zkow\u0105 lektur\u0105 dla os\u00f3b pisz\u0105cych wiersze o dojrzewaniu do kochania, o pragnieniach, rozterkach; a przede wszystkim dla czytelnik\u00f3w, kt\u00f3rzy emocje, mi\u0142o\u015b\u0107 i spe\u0142nienie stawiaj\u0105 w centrum swoich prze\u017cy\u0107.&#8221; &#8211; \u0141ucja Dudzi\u0144ska<\/p>\n\n\n\n<div class=\"wp-container-1 wp-block-group\"><div class=\"wp-block-group__inner-container\"><\/div><\/div>\n\n\n\n<div class=\"wp-container-4 wp-block-columns\">\n<div class=\"wp-container-3 wp-block-column\" style=\"flex-basis:100%\">\n<div class=\"wp-container-2 wp-block-group\"><div class=\"wp-block-group__inner-container\">\n<p>Renata Iwaniec \u2013 (ur. w 1973 r.) poetka, ekonomistka, nauczycielka matematyki i informatyki, w\u0142a\u015bcicielka i instruktorka studia jogi, autorka ksi\u0105\u017cek poetyckich: \u201eczasem wieszam si\u0119 z praniem\u201d \u2013 Warszawa 2018 r. wyd. FDF, \u201eprzekr\u00f3j dw\u00f3ch planet\u201d \u2013 Pozna\u0144 2022 r. wyd. FONT. Wiersze publikowa\u0142a w \u015al\u0105skiej Strefie Gender, Gazecie Kulturalnej, Babi\u0144cu Literackim, Helikopterze, Internetowym wydaniu Odry, Wytrychu, Bezkresie oraz w antologiach: \u201eMi\u0142o\u015b\u0107 w czasach fejskultury, 2019 r. wyd. Novatoria, \u201e111 Antologii Babi\u0144ca Literackiego\u201d, Warszawa 2020 r. wyd. FDF, \u201ePrzewodnik po zaminowanym terenie 2\u201d &#8211; 2021 r. O\u015brodek Postaw Tw\u00f3rczych, \u201eWwierszowzi\u0119ci w imi\u0119 mi\u0142o\u015bci\u201d \u2013 Wielu\u0144 2023 r. Fundacja Poetariat. Wiersze autorki by\u0142y czytane w Radiu Pozna\u0144, Radiu Koszalin i Bookadio.pl. Laureatka g\u0142\u00f3wnego konkursu XVIII i XIX G\u0142ogowskich Konfrontacji Literackich. Cz\u0142onkini Grupy Lirycznej Na Krech\u0119. Prowadzi autorskie strony: https:\/\/natare.eu\/<br>https:\/\/www.facebook.com\/renataiwaniecnatare\/<\/p>\n<\/div><\/div>\n<\/div>\n<\/div>\n\n\n\n<figure class=\"wp-block-image size-large\"><a href=\"https:\/\/natare.eu\/wp-content\/uploads\/2025\/03\/Renata-Iwaniec.jpg\"><img loading=\"lazy\" width=\"768\" height=\"1024\" src=\"https:\/\/natare.eu\/wp-content\/uploads\/2025\/03\/Renata-Iwaniec-768x1024.jpg\" alt=\"\" class=\"wp-image-1433\" srcset=\"https:\/\/natare.eu\/wp-content\/uploads\/2025\/03\/Renata-Iwaniec-768x1024.jpg 768w, https:\/\/natare.eu\/wp-content\/uploads\/2025\/03\/Renata-Iwaniec-225x300.jpg 225w, https:\/\/natare.eu\/wp-content\/uploads\/2025\/03\/Renata-Iwaniec-1152x1536.jpg 1152w, https:\/\/natare.eu\/wp-content\/uploads\/2025\/03\/Renata-Iwaniec-350x467.jpg 350w, https:\/\/natare.eu\/wp-content\/uploads\/2025\/03\/Renata-Iwaniec.jpg 1536w\" sizes=\"(max-width: 706px) 89vw, (max-width: 767px) 82vw, 740px\" \/><\/a><\/figure>\n","protected":false},"excerpt":{"rendered":"<p>\u201eWiersze doros\u0142e. Wiersze dla doros\u0142ych. Obcesowe i bezceremonialne. Zmys\u0142owe i cielesne. Tak celne, \u017ce zupe\u0142nie nie ra\u017c\u0105 w nich nawet feminizuj\u0105ce zajawki. Po lekturze takich w\u0142a\u015bnie debiut\u00f3w ma si\u0119 poczucie, \u017ce prawo do tworzenia poezji konfesyjnej nale\u017ca\u0142oby w pierwszym rz\u0119dzie przyzna\u0107 poetkom oraz poetom odpowiednio dojrza\u0142ym. Chodzi mi tu oczywi\u015bcie o dojrza\u0142o\u015b\u0107 \u017cyciow\u0105, mierzon\u0105 do\u015bwiadczeniami &hellip; <\/p>\n<p class=\"link-more\"><a href=\"https:\/\/natare.eu\/index.php\/strona-glowna\/\" class=\"more-link\">Czytaj dalej<span class=\"screen-reader-text\"> \u201eo mnie\u201d<\/span><\/a><\/p>\n","protected":false},"author":1,"featured_media":0,"parent":0,"menu_order":0,"comment_status":"open","ping_status":"open","template":"","meta":[],"_links":{"self":[{"href":"https:\/\/natare.eu\/index.php\/wp-json\/wp\/v2\/pages\/60"}],"collection":[{"href":"https:\/\/natare.eu\/index.php\/wp-json\/wp\/v2\/pages"}],"about":[{"href":"https:\/\/natare.eu\/index.php\/wp-json\/wp\/v2\/types\/page"}],"author":[{"embeddable":true,"href":"https:\/\/natare.eu\/index.php\/wp-json\/wp\/v2\/users\/1"}],"replies":[{"embeddable":true,"href":"https:\/\/natare.eu\/index.php\/wp-json\/wp\/v2\/comments?post=60"}],"version-history":[{"count":153,"href":"https:\/\/natare.eu\/index.php\/wp-json\/wp\/v2\/pages\/60\/revisions"}],"predecessor-version":[{"id":1434,"href":"https:\/\/natare.eu\/index.php\/wp-json\/wp\/v2\/pages\/60\/revisions\/1434"}],"wp:attachment":[{"href":"https:\/\/natare.eu\/index.php\/wp-json\/wp\/v2\/media?parent=60"}],"curies":[{"name":"wp","href":"https:\/\/api.w.org\/{rel}","templated":true}]}}